{"id":48,"date":"2019-09-03T13:48:42","date_gmt":"2019-09-03T11:48:42","guid":{"rendered":"https:\/\/deroy-stephanie.sante-holistique.com\/?page_id=48"},"modified":"2019-09-03T17:30:28","modified_gmt":"2019-09-03T15:30:28","slug":"duree-de-la-sceance","status":"publish","type":"page","link":"https:\/\/deroy-stephanie.sante-holistique.com\/index.php\/duree-de-la-sceance\/","title":{"rendered":"Dur\u00e9e de la s\u00e9ance"},"content":{"rendered":"\t\t<div data-elementor-type=\"wp-post\" data-elementor-id=\"48\" class=\"elementor elementor-48\">\n\t\t\t\t\t\t<section class=\"elementor-section elementor-top-section elementor-element elementor-element-379436c elementor-section-boxed elementor-section-height-default elementor-section-height-default\" data-id=\"379436c\" data-element_type=\"section\" data-e-type=\"section\">\n\t\t\t\t\t\t<div class=\"elementor-container elementor-column-gap-default\">\n\t\t\t\t\t<div class=\"elementor-column elementor-col-100 elementor-top-column elementor-element elementor-element-7f9cdbd\" data-id=\"7f9cdbd\" data-element_type=\"column\" data-e-type=\"column\">\n\t\t\t<div class=\"elementor-widget-wrap elementor-element-populated\">\n\t\t\t\t\t\t<div class=\"elementor-element elementor-element-7f3b820 elementor-widget elementor-widget-image\" data-id=\"7f3b820\" data-element_type=\"widget\" data-e-type=\"widget\" data-widget_type=\"image.default\">\n\t\t\t\t<div class=\"elementor-widget-container\">\n\t\t\t\t\t\t\t\t\t\t\t\t\t\t\t<img fetchpriority=\"high\" decoding=\"async\" width=\"640\" height=\"189\" src=\"https:\/\/deroy-stephanie.sante-holistique.com\/wp-content\/uploads\/2019\/09\/choix_bandeau2.jpg\" class=\"attachment-large size-large wp-image-44\" alt=\"\" srcset=\"https:\/\/deroy-stephanie.sante-holistique.com\/wp-content\/uploads\/2019\/09\/choix_bandeau2.jpg 750w, https:\/\/deroy-stephanie.sante-holistique.com\/wp-content\/uploads\/2019\/09\/choix_bandeau2-300x88.jpg 300w\" sizes=\"(max-width: 640px) 100vw, 640px\" \/>\t\t\t\t\t\t\t\t\t\t\t\t\t\t\t<\/div>\n\t\t\t\t<\/div>\n\t\t\t\t<div class=\"elementor-element elementor-element-350386d elementor-widget-divider--view-line elementor-widget elementor-widget-divider\" data-id=\"350386d\" data-element_type=\"widget\" data-e-type=\"widget\" data-widget_type=\"divider.default\">\n\t\t\t\t<div class=\"elementor-widget-container\">\n\t\t\t\t\t\t\t<div class=\"elementor-divider\">\n\t\t\t<span class=\"elementor-divider-separator\">\n\t\t\t\t\t\t<\/span>\n\t\t<\/div>\n\t\t\t\t\t\t<\/div>\n\t\t\t\t<\/div>\n\t\t\t\t<div class=\"elementor-element elementor-element-e35011c elementor-widget elementor-widget-text-editor\" data-id=\"e35011c\" data-element_type=\"widget\" data-e-type=\"widget\" data-widget_type=\"text-editor.default\">\n\t\t\t\t<div class=\"elementor-widget-container\">\n\t\t\t\t\t\t\t\t\t<p>L&rsquo;ENTRETIEN PREALABLE<\/p><p>Tout d&rsquo;abord nous parlons de vous, de vos attentes, de vos troubles, de votre pass\u00e9 m\u00e9dical et chirurgical. Ces informations me sont importantes pour vous garantir une prise en charge optimum et restent bien entendu confidentielles.<\/p><p>Ensuite, je vous invite \u00e0 vous relaxer.<\/p><p>Apr\u00e9s le soin, il est important de vous d\u00e9tendre et de vous hydrater afin de profiter au mieux des b\u00e9n\u00e9fices de la s\u00e9ance et d&rsquo;\u00e9liminer les toxines qui ont \u00e9t\u00e9 mobilis\u00e9es.<\/p><p>Certains sympt\u00f4mes d&rsquo;\u00e9limination peuvent appara\u00eetrent comme des maux de t\u00eate, troubles digestifs, fatigue, froid intense&#8230;ne vous inqui\u00e9tez pas, leur dur\u00e9e n&rsquo;exc\u00e9de pas 48h.<\/p><p>Dur\u00e9e de la s\u00e9ance: 1h30<\/p><p>Tarif : 55 euros<\/p><p>\u00a0<\/p><p>\u00a0<\/p><p>\u00a0CODE\u00a0ETHIQUE\u00a0ET\u00a0CHARTE\u00a0DE\u00a0QUALITE\u00a0PRATICIENNE\u00a0EN\u00a0REFLEXOLOGIE\u00a0PODALE\u00a0ET\u00a0RELAXATION<\/p><p>-Le praticien exerce avec comp\u00e9tence et bienveillance pour le bienfait du consultant.<\/p><p>-Le confort et le bien-\u00eatre du consultant sont une priorit\u00e9 constante.<\/p><p>-Le praticien offre ses services dans la reconnaissance de la nature unique de chaque individu, avec compassion, honn\u00eatet\u00e9, int\u00e9grit\u00e9, et respect pour la dignit\u00e9 humaine.<\/p><p>-Cette pratique est dispens\u00e9e quels que soient l&rsquo;\u00e2ge, la nationalit\u00e9, l&rsquo;origine ethnique, la couleur de peau, le sexe, l&rsquo;orientation sexuelle, la religion, l&rsquo;orientation politique ou les limitations physiques de la personne.<\/p><p>-Le praticien prend un soin particulier dans la relation consultant-praticien par sa capacit\u00e9 d&rsquo;\u00e9coute et son attitude de bienveillance.Les conversations du consultant restent strictement confidentielles, sauf si leur divulgation est impos\u00e9e par la loie.<\/p><p>-Le praticien ne fait pas de diagnostic, il n&rsquo;\u00e9tablit pas d&rsquo;ordonnance, ne pr\u00e9tend pas gu\u00e9rir.<\/p><p>-En consultation, le praticien utilise ses connaissances, son exp\u00e9rience avec exactitude et pertinence en raison de la qualification obtenue sans outrepasser ses comp\u00e9tences.<\/p><p>-Les relations avec d&rsquo;autres praticiens et professionnels de la sant\u00e9 sont respectueuses, courtoises et coop\u00e9ratives.<\/p><p>-Le praticien reconnait avec humilit\u00e9 ses limitations dans les domaines qui ne sont pas de son ressort et il admet l&rsquo;id\u00e9e de la contribution unique de chacun dans le but d&rsquo;am\u00e9liorer le bien-\u00eatre des consultants.<\/p>\t\t\t\t\t\t\t\t<\/div>\n\t\t\t\t<\/div>\n\t\t\t\t<div class=\"elementor-element elementor-element-a470041 elementor-widget-divider--view-line elementor-widget elementor-widget-divider\" data-id=\"a470041\" data-element_type=\"widget\" data-e-type=\"widget\" data-widget_type=\"divider.default\">\n\t\t\t\t<div class=\"elementor-widget-container\">\n\t\t\t\t\t\t\t<div class=\"elementor-divider\">\n\t\t\t<span class=\"elementor-divider-separator\">\n\t\t\t\t\t\t<\/span>\n\t\t<\/div>\n\t\t\t\t\t\t<\/div>\n\t\t\t\t<\/div>\n\t\t\t\t\t<\/div>\n\t\t<\/div>\n\t\t\t\t\t<\/div>\n\t\t<\/section>\n\t\t\t\t<\/div>\n\t\t","protected":false},"excerpt":{"rendered":"<p>L&rsquo;ENTRETIEN PREALABLE Tout d&rsquo;abord nous parlons de vous, de vos attentes, de vos troubles, de votre pass\u00e9 m\u00e9dical et chirurgical. Ces informations me sont importantes pour vous garantir une prise en charge optimum et restent bien entendu confidentielles. Ensuite, je vous invite \u00e0 vous relaxer. Apr\u00e9s le soin, il est important de vous d\u00e9tendre et &hellip; <\/p>\n<p class=\"link-more\"><a href=\"https:\/\/deroy-stephanie.sante-holistique.com\/index.php\/duree-de-la-sceance\/\" class=\"more-link\">Continuer la lecture <span class=\"screen-reader-text\"> \u00ab\u00a0Dur\u00e9e de la s\u00e9ance\u00a0\u00bb<\/span><\/a><\/p>\n","protected":false},"author":1,"featured_media":0,"parent":0,"menu_order":0,"comment_status":"closed","ping_status":"closed","template":"elementor_header_footer","meta":{"footnotes":""},"class_list":["post-48","page","type-page","status-publish","hentry","entry"],"_links":{"self":[{"href":"https:\/\/deroy-stephanie.sante-holistique.com\/index.php\/wp-json\/wp\/v2\/pages\/48","targetHints":{"allow":["GET"]}}],"collection":[{"href":"https:\/\/deroy-stephanie.sante-holistique.com\/index.php\/wp-json\/wp\/v2\/pages"}],"about":[{"href":"https:\/\/deroy-stephanie.sante-holistique.com\/index.php\/wp-json\/wp\/v2\/types\/page"}],"author":[{"embeddable":true,"href":"https:\/\/deroy-stephanie.sante-holistique.com\/index.php\/wp-json\/wp\/v2\/users\/1"}],"replies":[{"embeddable":true,"href":"https:\/\/deroy-stephanie.sante-holistique.com\/index.php\/wp-json\/wp\/v2\/comments?post=48"}],"version-history":[{"count":5,"href":"https:\/\/deroy-stephanie.sante-holistique.com\/index.php\/wp-json\/wp\/v2\/pages\/48\/revisions"}],"predecessor-version":[{"id":63,"href":"https:\/\/deroy-stephanie.sante-holistique.com\/index.php\/wp-json\/wp\/v2\/pages\/48\/revisions\/63"}],"wp:attachment":[{"href":"https:\/\/deroy-stephanie.sante-holistique.com\/index.php\/wp-json\/wp\/v2\/media?parent=48"}],"curies":[{"name":"wp","href":"https:\/\/api.w.org\/{rel}","templated":true}]}}